{"id":7,"date":"2017-01-04T20:02:53","date_gmt":"2017-01-04T20:02:53","guid":{"rendered":"http:\/\/www.glmarinesolutions.com\/?page_id=7"},"modified":"2017-07-24T00:06:44","modified_gmt":"2017-07-24T05:06:44","slug":"services","status":"publish","type":"page","link":"https:\/\/www.glmarinesolutions.com\/es\/services\/","title":{"rendered":"Servicios"},"content":{"rendered":"<p><\/p>\n<p id=\"tw-target-text\" class=\"tw-data-text tw-ta tw-text-small\" dir=\"ltr\" data-placeholder=\"Translation\"><strong><span lang=\"es\">Instalaciones de adaptaci\u00f3n: <\/span><\/strong><\/p>\n<p class=\"tw-data-text tw-ta tw-text-small\" dir=\"ltr\" data-placeholder=\"Translation\"><span lang=\"es\">Como superintendentes que trabajan su camino a trav\u00e9s de las diferentes posiciones en la gesti\u00f3n de proyectos, nuestra experiencia de instalaciones de retroadaptaci\u00f3n se ha basado en el medio ambiente y las plantas de ahorro de energ\u00eda, tales como: &#8211; Planta de limpieza de escape previa (AEP). &#8211; Planta de tratamiento previo de aguas residuales (AWP). &#8211; Planta de tratamiento de agua de lastre. (BWT). &#8211; Instalaci\u00f3n de instalaciones de recuperaci\u00f3n de calor residual a bordo.<\/span><\/p>\n<li><strong>Consultoria de Proyectos y sistemas tecnicos:<\/strong><br \/>\nTenemos ingenieros marinos, arquitectos navales quienes basados en su amplia experiencia en el campo de la ingenieria maritima van a ofrecer un apropiado y profesional consejo en cualquier reto tecnico que pueda tener, visitas profesionales pueden ser arregladas basado en sus requisitos.<\/p>\n<li><strong>Plan y ejecucion de proyectos:<\/strong><br \/>\nUno de nuestros servicios principales ha sido planear y ejecutar todos los proyectos ya descritos con el equipo de ingenieros  y arquitectos de nuestros clientes donde todas las partes involucradas quedan satisfechas con los resultados.<\/p>\n<li><strong>Diseno y ejecucion de trabajos\/projectos:<\/strong><br \/>\nNuestros arquitectos navales pueden visitar su barco en cualquier momento necesario ya sea que este en servicio o en dique seco para una mejor asesoria de su proyecto\/trabajo hacer llevado a cabo, nuestros gerentes trabajaran con nuestros clientes para asegurar cada diseno\/plano creado este dentro de sus requisitos antes de la ejecucion de algun trabajo.<\/p>\n<p class=\"tw-data-text tw-ta tw-text-small\" dir=\"ltr\" data-placeholder=\"Translation\"><strong><span lang=\"es\">Proyectos de referencia: <\/span><\/strong><\/p>\n<p class=\"tw-data-text tw-ta tw-text-small\" dir=\"ltr\" data-placeholder=\"Translation\"><span lang=\"es\">&#8211; Planta de limpieza de escape previa (AEP). &#8211; Planta de tratamiento previo de aguas residuales (AWP).- Planta de tratamiento de agua de lastre. (BWT).- Instalaci\u00f3n de modernizaciones de plantas de recuperaci\u00f3n de calor residual a bordo de companias de cruceros<\/span><\/p>\n<p><\/p>","protected":false},"excerpt":{"rendered":"<p>Instalaciones de adaptaci\u00f3n: Como superintendentes que trabajan su camino a trav\u00e9s de las diferentes posiciones en la gesti\u00f3n de proyectos, nuestra experiencia de instalaciones de retroadaptaci\u00f3n se ha basado en el medio ambiente y las plantas de ahorro de energ\u00eda, tales como: &#8211; Planta de limpieza de escape previa (AEP). &#8211; Planta de tratamiento previo [&hellip;]<\/p>\n","protected":false},"author":1,"featured_media":57,"parent":0,"menu_order":0,"comment_status":"closed","ping_status":"closed","template":"templates\/template-services.php","meta":[],"_links":{"self":[{"href":"https:\/\/www.glmarinesolutions.com\/es\/wp-json\/wp\/v2\/pages\/7"}],"collection":[{"href":"https:\/\/www.glmarinesolutions.com\/es\/wp-json\/wp\/v2\/pages"}],"about":[{"href":"https:\/\/www.glmarinesolutions.com\/es\/wp-json\/wp\/v2\/types\/page"}],"author":[{"embeddable":true,"href":"https:\/\/www.glmarinesolutions.com\/es\/wp-json\/wp\/v2\/users\/1"}],"replies":[{"embeddable":true,"href":"https:\/\/www.glmarinesolutions.com\/es\/wp-json\/wp\/v2\/comments?post=7"}],"version-history":[{"count":19,"href":"https:\/\/www.glmarinesolutions.com\/es\/wp-json\/wp\/v2\/pages\/7\/revisions"}],"predecessor-version":[{"id":245,"href":"https:\/\/www.glmarinesolutions.com\/es\/wp-json\/wp\/v2\/pages\/7\/revisions\/245"}],"wp:featuredmedia":[{"embeddable":true,"href":"https:\/\/www.glmarinesolutions.com\/es\/wp-json\/wp\/v2\/media\/57"}],"wp:attachment":[{"href":"https:\/\/www.glmarinesolutions.com\/es\/wp-json\/wp\/v2\/media?parent=7"}],"curies":[{"name":"wp","href":"https:\/\/api.w.org\/{rel}","templated":true}]}}