{"id":35,"date":"2017-01-06T12:40:51","date_gmt":"2017-01-06T17:40:51","guid":{"rendered":"http:\/\/www.glmarinesolutions.com\/?page_id=35"},"modified":"2017-07-22T02:05:56","modified_gmt":"2017-07-22T07:05:56","slug":"careers","status":"publish","type":"page","link":"https:\/\/www.glmarinesolutions.com\/es\/careers\/","title":{"rendered":"Trabaja con Nosotros"},"content":{"rendered":"<p><\/p>\n<p id=\"tw-target-text\" class=\"tw-data-text tw-ta tw-text-small\" dir=\"ltr\" data-placeholder=\"Translation\"><span lang=\"es\">GL considera a sus empleados como los v\u00ednculos m\u00e1s valiosos en nuestra cadena de organizaci\u00f3n, basada en que los cuidamos siempre haciendo esfuerzos extraordinarios para su propia salud y bienestar con excelentes contratos de trabajo, salarios muy competitivos y beneficios de clase mundial dentro de GL. Entender y sentirnos orgullosos de que nuestros empleados son la representaci\u00f3n de GL en todo el mundo.<\/span><\/p>\n<p><\/p>","protected":false},"excerpt":{"rendered":"<p>GL considera a sus empleados como los v\u00ednculos m\u00e1s valiosos en nuestra cadena de organizaci\u00f3n, basada en que los cuidamos siempre haciendo esfuerzos extraordinarios para su propia salud y bienestar con excelentes contratos de trabajo, salarios muy competitivos y beneficios de clase mundial dentro de GL. Entender y sentirnos orgullosos de que nuestros empleados son [&hellip;]<\/p>\n","protected":false},"author":1,"featured_media":45,"parent":0,"menu_order":0,"comment_status":"closed","ping_status":"closed","template":"templates\/template-careers.php","meta":[],"_links":{"self":[{"href":"https:\/\/www.glmarinesolutions.com\/es\/wp-json\/wp\/v2\/pages\/35"}],"collection":[{"href":"https:\/\/www.glmarinesolutions.com\/es\/wp-json\/wp\/v2\/pages"}],"about":[{"href":"https:\/\/www.glmarinesolutions.com\/es\/wp-json\/wp\/v2\/types\/page"}],"author":[{"embeddable":true,"href":"https:\/\/www.glmarinesolutions.com\/es\/wp-json\/wp\/v2\/users\/1"}],"replies":[{"embeddable":true,"href":"https:\/\/www.glmarinesolutions.com\/es\/wp-json\/wp\/v2\/comments?post=35"}],"version-history":[{"count":8,"href":"https:\/\/www.glmarinesolutions.com\/es\/wp-json\/wp\/v2\/pages\/35\/revisions"}],"predecessor-version":[{"id":243,"href":"https:\/\/www.glmarinesolutions.com\/es\/wp-json\/wp\/v2\/pages\/35\/revisions\/243"}],"wp:featuredmedia":[{"embeddable":true,"href":"https:\/\/www.glmarinesolutions.com\/es\/wp-json\/wp\/v2\/media\/45"}],"wp:attachment":[{"href":"https:\/\/www.glmarinesolutions.com\/es\/wp-json\/wp\/v2\/media?parent=35"}],"curies":[{"name":"wp","href":"https:\/\/api.w.org\/{rel}","templated":true}]}}