{"id":19,"date":"2017-01-04T17:21:05","date_gmt":"2017-01-04T22:21:05","guid":{"rendered":"http:\/\/www.glmarinesolutions.com\/?page_id=19"},"modified":"2017-02-14T11:49:39","modified_gmt":"2017-02-14T16:49:39","slug":"projects","status":"publish","type":"page","link":"https:\/\/www.glmarinesolutions.com\/es\/projects\/","title":{"rendered":"Proyectos"},"content":{"rendered":"<p>Instalaci\u00f3n de la Planta de Tratamiento de Aguas de Lastre (AWP): Proyecto de tripulantes de a bordo de 10 a 15. Responsable de la preparaci\u00f3n y planificaci\u00f3n de la instalaci\u00f3n de BWT, soporte t\u00e9cnico continuo al Gerente asignado.<\/p>\n                            <a href=\"https:\/\/www.glmarinesolutions.com\/es\/project\/ocean-freight\/\" class=\"btn-arrow hover-light\"><span class=\"line\"><\/span><span class=\"url\">View Details<\/span><\/a>\n                        <\/div>\n                    <\/div>\n                                        <div class=\"box-service one-fourth\">\n                        <div class=\"bg-color-fx padding-5 text-center\">\n                            <h3 class=\"service-subtitle\">(BWT) Planta de Tratamiento de Agua de Lastre<\/h3>\n                            <div class=\"dark-icon-line tiny-border margintop10 marginbottom10\"><\/div>\n                            <img src=\"https:\/\/www.glmarinesolutions.com\/wp-content\/uploads\/2017\/01\/3-3.png\" class=\"img-responsive margintop20 marginbottom20 wow fadeInRight\" alt=\"\" \/>\n                            <p>Instalaci\u00f3n de la Planta de Tratamiento de Aguas de Lastre (AWP): Proyecto de tripulantes de a bordo de 10 a 15. Responsable de la preparaci\u00f3n y planificaci\u00f3n de la instalaci\u00f3n de BWT, soporte t\u00e9cnico continuo al Gerente asignado.<\/p>\n                            <a href=\"https:\/\/www.glmarinesolutions.com\/es\/project\/ocean-freight\/\" class=\"btn-arrow hover-light\"><span class=\"line\"><\/span><span class=\"url\">View Details<\/span><\/a>\n                        <\/div>\n                    <\/div>\n                                        <div class=\"box-service one-fourth\">\n                        <div class=\"bg-color-fx padding-5 text-center\">\n                            <h3 class=\"service-subtitle\">(BWT) Planta de Tratamiento de Agua de Lastre<\/h3>\n                            <div class=\"dark-icon-line tiny-border margintop10 marginbottom10\"><\/div>\n                            <img src=\"https:\/\/www.glmarinesolutions.com\/wp-content\/uploads\/2017\/01\/3-3.png\" class=\"img-responsive margintop20 marginbottom20 wow fadeInRight\" alt=\"\" \/>\n                            <p>Instalaci\u00f3n de la Planta de Tratamiento de Aguas de Lastre (AWP): Proyecto de tripulantes de a bordo de 10 a 15. Responsable de la preparaci\u00f3n y planificaci\u00f3n de la instalaci\u00f3n de BWT, soporte t\u00e9cnico continuo al Gerente asignado.<\/p>\n                            <a href=\"https:\/\/www.glmarinesolutions.com\/es\/project\/ocean-freight\/\" class=\"btn-arrow hover-light\"><span class=\"line\"><\/span><span class=\"url\">View Details<\/span><\/a>\n                        <\/div>\n                    <\/div>\n                                        <div class=\"box-service one-fourth\">\n                        <div class=\"bg-color-fx padding-5 text-center\">\n                            <h3 class=\"service-subtitle\">(BWT) Planta de Tratamiento de Agua de Lastre<\/h3>\n                            <div class=\"dark-icon-line tiny-border margintop10 marginbottom10\"><\/div>\n                            <img src=\"https:\/\/www.glmarinesolutions.com\/wp-content\/uploads\/2017\/01\/3-3.png\" class=\"img-responsive margintop20 marginbottom20 wow fadeInRight\" alt=\"\" \/>\n                            <p>Instalaci\u00f3n de la Planta de Tratamiento de Aguas de Lastre (AWP): Proyecto de tripulantes de a bordo de 10 a 15. Responsable de la preparaci\u00f3n y planificaci\u00f3n de la instalaci\u00f3n de BWT, soporte t\u00e9cnico continuo al Gerente asignado.<\/p>\n                            <a href=\"https:\/\/www.glmarinesolutions.com\/es\/project\/ocean-freight\/\" class=\"btn-arrow hover-light\"><span class=\"line\"><\/span><span class=\"url\">View Details<\/span><\/a>\n                        <\/div>\n                    <\/div>\n                                        <div class=\"clearfix\"><\/div>\n                <\/div>\n            <\/section>\n            <!-- section close -->\n\n            <!-- section begin -->\n<section id=\"section-cta-2\" class=\"cta light-text\" data-stellar-background-ratio=\"0.5\">\n    <div class=\"container background-blue\">\n        <div class=\"row\">\n            <div class=\"col-md-12\">\n                <div class=\"padding30 overlaydark80 overlaydark80-transparent wow fadeIn\">\n                    <div class=\"row\">\n                        <div class=\"col-md-10\">\n                            <h2 class=\"mb0 mt10 dark-icon\">Cont\u00e1ctenos ahora para obtener un presupuesto para todas sus necesidades<\/h2>\n                        <\/div>\n                        <div class=\"col-md-2 text-right in-banner\">\n                            <a href=\"https:\/\/www.glmarinesolutions.com\/es\/contact\/\" class=\"btn btn-custom new-azul-blanco\">Cont\u00e1ctanos<\/a>\n                        <\/div>\n                    <\/div>\n                <\/div>\n            <\/div>\n        <\/div>\n    <\/div>\n<\/section>\n<!-- section close -->\n<\/p>","protected":false},"excerpt":{"rendered":"","protected":false},"author":1,"featured_media":57,"parent":0,"menu_order":0,"comment_status":"closed","ping_status":"closed","template":"templates\/template-projects.php","meta":[],"_links":{"self":[{"href":"https:\/\/www.glmarinesolutions.com\/es\/wp-json\/wp\/v2\/pages\/19"}],"collection":[{"href":"https:\/\/www.glmarinesolutions.com\/es\/wp-json\/wp\/v2\/pages"}],"about":[{"href":"https:\/\/www.glmarinesolutions.com\/es\/wp-json\/wp\/v2\/types\/page"}],"author":[{"embeddable":true,"href":"https:\/\/www.glmarinesolutions.com\/es\/wp-json\/wp\/v2\/users\/1"}],"replies":[{"embeddable":true,"href":"https:\/\/www.glmarinesolutions.com\/es\/wp-json\/wp\/v2\/comments?post=19"}],"version-history":[{"count":5,"href":"https:\/\/www.glmarinesolutions.com\/es\/wp-json\/wp\/v2\/pages\/19\/revisions"}],"predecessor-version":[{"id":171,"href":"https:\/\/www.glmarinesolutions.com\/es\/wp-json\/wp\/v2\/pages\/19\/revisions\/171"}],"wp:featuredmedia":[{"embeddable":true,"href":"https:\/\/www.glmarinesolutions.com\/es\/wp-json\/wp\/v2\/media\/57"}],"wp:attachment":[{"href":"https:\/\/www.glmarinesolutions.com\/es\/wp-json\/wp\/v2\/media?parent=19"}],"curies":[{"name":"wp","href":"https:\/\/api.w.org\/{rel}","templated":true}]}}